{"id":3,"date":"2021-06-30T17:46:44","date_gmt":"2021-06-30T15:46:44","guid":{"rendered":"http:\/\/uporyug.cluster028.hosting.ovh.net\/?page_id=3"},"modified":"2025-10-29T14:03:22","modified_gmt":"2025-10-29T13:03:22","slug":"mentions-legales","status":"publish","type":"page","link":"https:\/\/davansur.fr\/index.php\/mentions-legales\/","title":{"rendered":"Mentions l\u00e9gales"},"content":{"rendered":"<table style=\"font-weight: 400;\" width=\"909\">\n<tbody>\n<tr>\n<td width=\"905\"><strong><u>DAVANSUR<br \/>\nSARL au capital de 1\u202f000,00\u00a0\u20ac inscrite au Registre du Commerce et des Soci\u00e9t\u00e9s de Chamb\u00e9ry sous le n\u00b0888 862 588<br \/>\nImmatricul\u00e9e \u00e0 l&rsquo;ORIAS sous le n\u00b020 007 234 &#8211;\u00a0<a href=\"https:\/\/www.orias.fr\/\" data-saferedirecturl=\"https:\/\/www.google.com\/url?q=https:\/\/www.orias.fr\/&amp;source=gmail&amp;ust=1761124081080000&amp;usg=AOvVaw3AihJjBz15-Fnkz8kRbJ1J\">www.orias.fr<\/a><br \/>\nPlac\u00e9e sous le contr\u00f4le de l&rsquo;Autorit\u00e9 de Contr\u00f4le Prudentiel et de R\u00e9solution (ACPR) &#8211; 4 Place de Budapest CS 92459 75436 PARIS CEDEX 09 &#8211;\u00a0<a href=\"https:\/\/acpr.banque-france.fr\/\" data-saferedirecturl=\"https:\/\/www.google.com\/url?q=https:\/\/acpr.banque-france.fr\/&amp;source=gmail&amp;ust=1761124081080000&amp;usg=AOvVaw2kQbeVQLlY06sEcsOUDceV\">www.acpr.banque-france.fr<\/a><br \/>\nSi\u00e8ge social :\u00a080 Chemin de la C\u00f4t\u00e9 Bouchet, 73000 Chamb\u00e9ry<br \/>\nT\u00e9l\u00e9phone :\u00a0<a href=\"tel:+33679750788\">06 79 75 07 88<\/a><br \/>\nPortable :\u00a0<a href=\"tel:+33670743458\">06 70 74 34 58<\/a><\/u><\/strong><\/td>\n<\/tr>\n<tr>\n<td width=\"905\"><strong><u>Membre du groupement de courtiers ind\u00e9pendants de courtage en assurances Strat\u00e9gies &amp; Perspectives d&rsquo;Avenir<\/u><\/strong><\/td>\n<\/tr>\n<tr>\n<td width=\"905\"><strong><u>Membre du groupement de courtiers ind\u00e9pendants de courtage en assurances Strat\u00e9gies &amp; Perspectives d&rsquo;Avenir<\/u><\/strong><\/td>\n<\/tr>\n<tr>\n<td width=\"905\"><strong><u>protection des donn\u00e9es \u00e0 caract\u00e8re personnel &#8211; Loi informatique et libert\u00e9s<\/u><\/strong><br \/>\nLes donn\u00e9es font l&rsquo;objet d&rsquo;un traitement informatique destin\u00e9 \u00e0 nous permettre de proc\u00e9der \u00e0 la passation, la gestion et l&rsquo;ex\u00e9cution des contrats d&rsquo;assurance. Elles sont \u00e0 l&rsquo;usage des assureurs, ses mandataires, r\u00e9assureurs, organismes professionnels, partenaires, prestataires \u00e9ventuellement situ\u00e9s en dehors de l&rsquo;Union Europ\u00e9enne et le cas \u00e9ch\u00e9ant des autorit\u00e9s administratives et judiciaires, pour satisfaire aux obligations l\u00e9gales et r\u00e9glementaires en vigueur. Elles peuvent \u00eatre transmises aux destinataires habilit\u00e9s au sein du groupe Strat\u00e9gies &amp; Perspectives d&rsquo;Avenir ou de la soci\u00e9t\u00e9 membre de ce groupe, afin d&rsquo;\u00eatre trait\u00e9es dans le cadre de la lutte contre le blanchiment des capitaux et le financement du terrorisme en application des obligations r\u00e8glementaires et de la gestion des risques op\u00e9rationnels (notamment la fraude \u00e0 l&rsquo;assurance).<br \/>\nLe d\u00e9faut de r\u00e9ponse aux informations obligatoires peut avoir pour cons\u00e9quence le non traitement de votre dossier.<br \/>\nVous pouvez acc\u00e9der aux donn\u00e9es vous concernant ou demander leur effacement. Vous disposez \u00e9galement d&rsquo;un droit d&rsquo;opposition, d&rsquo;un droit de rectification et d&rsquo;un droit \u00e0 la limitation du traitement de vos donn\u00e9es, et du droit de demander le transfert de vos donn\u00e9es (droit \u00e0 la portabilit\u00e9). Vous pouvez retirer \u00e0 tout moment le consentement accord\u00e9 \u00e0 l&rsquo;utilisation de vos donn\u00e9es. (cf.\u00a0<a href=\"https:\/\/cnil.fr\/\" data-saferedirecturl=\"https:\/\/www.google.com\/url?q=https:\/\/cnil.fr\/&amp;source=gmail&amp;ust=1761124081080000&amp;usg=AOvVaw34J2B1zys8fEIx2c0tO0xW\">cnil.fr<\/a>\u00a0pour plus d&rsquo;informations sur vos droits).<br \/>\nPour exercer vos droits Informatique et Libert\u00e9s et pour toute information sur ce dispositif, contactez notre d\u00e9l\u00e9gu\u00e9 \u00e0 la protection des donn\u00e9es (DPO) en \u00e9crivant \u00e0 DAVANSUR &#8211; D\u00e9l\u00e9gu\u00e9 \u00e0 la protection des donn\u00e9es &#8211; 80 Chemin de la C\u00f4t\u00e9 Bouchet, 73000 Chamb\u00e9ry &#8211; ou par mail \u00e0\u00a0<a href=\"mailto:contact@davansur.com\">contact@davansur.com<\/a>.<br \/>\nDur\u00e9es de conservation des donn\u00e9es : 5 ans apr\u00e8s la fin de la relation contractuelle.<br \/>\nSi vous estimez, apr\u00e8s nous avoir contact\u00e9s, que vos droits Informatique et Libert\u00e9s ne sont pas respect\u00e9s ou que le dispositif de contr\u00f4le d&rsquo;acc\u00e8s n&rsquo;est pas conforme aux r\u00e8gles de protection des donn\u00e9es, vous pouvez adresser une r\u00e9clamation \u00e0 la CNIL :\u00a0<a href=\"https:\/\/www.cnil.fr\/\" data-saferedirecturl=\"https:\/\/www.google.com\/url?q=https:\/\/www.cnil.fr\/&amp;source=gmail&amp;ust=1761124081080000&amp;usg=AOvVaw0UtHvhmdFiwx3fB2ZtJh7x\">https:\/\/www.cnil.fr<\/a>\u00a0ou par voie postale : 3 Place de Fontenoy &#8211; TSA 80715 &#8211; 75334 PARIS CEDEX 07.<\/td>\n<\/tr>\n<tr>\n<td width=\"905\"><strong><u>Litiges et R\u00e9clamations &#8211; M\u00e9diation<\/u><\/strong><br \/>\nToutes informations compl\u00e9mentaires concernant les dossiers en cours peuvent \u00eatre obtenues par t\u00e9l\u00e9phone au(x) num\u00e9ro(s)\u00a0<a href=\"tel:+33679750788\">06 79 75 07 88<\/a>\u00a0<a href=\"tel:+33670743458\">06 70 74 34 58<\/a>\u00a0(appel non surtax\u00e9) ou en adressant directement cette demande au cabinet DAVANSUR 80 Chemin de la C\u00f4t\u00e9 Bouchet, 73000 Chamb\u00e9ry. En vue du traitement d&rsquo;\u00e9ventuels diff\u00e9rends, vous pouvez notifier le motif de vos r\u00e9clamations par lettre recommand\u00e9e avec AR, \u00e0 l&rsquo;attention du cabinet DAVANSUR.<br \/>\nNotre cabinet s&rsquo;engage \u00e0 accuser r\u00e9ception de votre r\u00e9clamation dans un d\u00e9lai de 10 jours ouvrables (sauf si la r\u00e9ponse vous a \u00e9t\u00e9 apport\u00e9e dans ce d\u00e9lai) et \u00e0 vous apporter une r\u00e9ponse dans un d\u00e9lai de 2 mois suivant la date de r\u00e9ception de la r\u00e9clamation (sauf survenance de circonstances particuli\u00e8res d\u00fbment justifi\u00e9es).<br \/>\nVous pouvez \u00e9galement demander l&rsquo;avis de l&rsquo;entit\u00e9 de m\u00e9diation CNPM &#8211; MEDIATION DE LA CONSOMMATION, en \u00e9crivant \u00e0 cette adresse CNPM &#8211; MEDIATION DE LA CONSOMMATION &#8211; 27 avenue de la lib\u00e9ration, 42400 Saint-Chamond , par mail \u00e0\u00a0<a href=\"mailto:nc\">nc<\/a>\u00a0ou bien encore sur le site internet suivant :\u00a0<a href=\"https:\/\/cnpm-mediation-consommation.eu\/\" data-saferedirecturl=\"https:\/\/www.google.com\/url?q=https:\/\/cnpm-mediation-consommation.eu\/&amp;source=gmail&amp;ust=1761124081080000&amp;usg=AOvVaw2996xSgwQ51eitQ3o5V1yt\">https:\/\/cnpm-mediation-consommation.eu<\/a>.<\/td>\n<\/tr>\n<tr>\n<td width=\"905\"><strong><u>Informations publiques compl\u00e9mentaires<\/u><\/strong><br \/>\nNous attirons votre attention sur le fait que notre soci\u00e9t\u00e9 ne d\u00e9tient aucune participation, qu&rsquo;elle soit directe ou indirecte, sup\u00e9rieure \u00e0 10 % des droits de vote ou du capital d&rsquo;une entreprise d&rsquo;assurance. Aucune participation, qu&rsquo;elle soit directe ou indirecte, sup\u00e9rieure \u00e0 10 % des droits de vote ou du capital de notre soci\u00e9t\u00e9, n&rsquo;est d\u00e9tenue par une entreprise d&rsquo;assurance d\u00e9termin\u00e9e ou entreprise m\u00e8re d&rsquo;une entreprise d&rsquo;assurance d\u00e9termin\u00e9e. Nous attirons \u00e9galement votre attention sur le fait que nous ne sommes pas autoris\u00e9s \u00e0 encaisser les primes ou cotisations d&rsquo;assurances.<\/td>\n<\/tr>\n<\/tbody>\n<\/table>\n","protected":false},"excerpt":{"rendered":"<p>DAVANSUR SARL au capital de 1\u202f000,00\u00a0\u20ac inscrite au Registre du Commerce et des Soci\u00e9t\u00e9s de Chamb\u00e9ry sous le n\u00b0888 862 588 Immatricul\u00e9e \u00e0 l&rsquo;ORIAS sous le n\u00b020 007 234 &#8211;\u00a0www.orias.fr Plac\u00e9e sous le contr\u00f4le de l&rsquo;Autorit\u00e9 de Contr\u00f4le Prudentiel et de R\u00e9solution (ACPR) &#8211; 4 Place de Budapest CS 92459 75436 PARIS CEDEX 09 &#8211;\u00a0www.acpr.banque-france.fr [&hellip;]<\/p>\n","protected":false},"author":1,"featured_media":0,"parent":0,"menu_order":0,"comment_status":"closed","ping_status":"open","template":"","meta":{"_et_pb_use_builder":"","_et_pb_old_content":"","_et_gb_content_width":"","footnotes":""},"class_list":["post-3","page","type-page","status-publish","hentry"],"yoast_head":"<!-- This site is optimized with the Yoast SEO plugin v26.2 - https:\/\/yoast.com\/wordpress\/plugins\/seo\/ -->\n<title>Mentions l\u00e9gales - Davansur, courtier d&#039;assurance et de confiance<\/title>\n<meta name=\"robots\" content=\"index, follow, max-snippet:-1, max-image-preview:large, max-video-preview:-1\" \/>\n<link rel=\"canonical\" href=\"https:\/\/davansur.fr\/index.php\/mentions-legales\/\" \/>\n<meta property=\"og:locale\" content=\"fr_FR\" \/>\n<meta property=\"og:type\" content=\"article\" \/>\n<meta property=\"og:title\" content=\"Mentions l\u00e9gales - Davansur, courtier d&#039;assurance et de confiance\" \/>\n<meta property=\"og:description\" content=\"DAVANSUR SARL au capital de 1\u202f000,00\u00a0\u20ac inscrite au Registre du Commerce et des Soci\u00e9t\u00e9s de Chamb\u00e9ry sous le n\u00b0888 862 588 Immatricul\u00e9e \u00e0 l&rsquo;ORIAS sous le n\u00b020 007 234 &#8211;\u00a0www.orias.fr Plac\u00e9e sous le contr\u00f4le de l&rsquo;Autorit\u00e9 de Contr\u00f4le Prudentiel et de R\u00e9solution (ACPR) &#8211; 4 Place de Budapest CS 92459 75436 PARIS CEDEX 09 &#8211;\u00a0www.acpr.banque-france.fr [&hellip;]\" \/>\n<meta property=\"og:url\" content=\"https:\/\/davansur.fr\/index.php\/mentions-legales\/\" \/>\n<meta property=\"og:site_name\" content=\"Davansur, courtier d&#039;assurance et de confiance\" \/>\n<meta property=\"article:publisher\" content=\"https:\/\/www.facebook.com\/DAVANSUR\/\" \/>\n<meta property=\"article:modified_time\" content=\"2025-10-29T13:03:22+00:00\" \/>\n<meta name=\"twitter:card\" content=\"summary_large_image\" \/>\n<meta name=\"twitter:label1\" content=\"Dur\u00e9e de lecture estim\u00e9e\" \/>\n\t<meta name=\"twitter:data1\" content=\"4 minutes\" \/>\n<script type=\"application\/ld+json\" class=\"yoast-schema-graph\">{\"@context\":\"https:\/\/schema.org\",\"@graph\":[{\"@type\":\"WebPage\",\"@id\":\"https:\/\/davansur.fr\/index.php\/mentions-legales\/\",\"url\":\"https:\/\/davansur.fr\/index.php\/mentions-legales\/\",\"name\":\"Mentions l\u00e9gales - Davansur, courtier d&#039;assurance et de confiance\",\"isPartOf\":{\"@id\":\"https:\/\/davansur.fr\/#website\"},\"datePublished\":\"2021-06-30T15:46:44+00:00\",\"dateModified\":\"2025-10-29T13:03:22+00:00\",\"breadcrumb\":{\"@id\":\"https:\/\/davansur.fr\/index.php\/mentions-legales\/#breadcrumb\"},\"inLanguage\":\"fr-FR\",\"potentialAction\":[{\"@type\":\"ReadAction\",\"target\":[\"https:\/\/davansur.fr\/index.php\/mentions-legales\/\"]}]},{\"@type\":\"BreadcrumbList\",\"@id\":\"https:\/\/davansur.fr\/index.php\/mentions-legales\/#breadcrumb\",\"itemListElement\":[{\"@type\":\"ListItem\",\"position\":1,\"name\":\"Accueil\",\"item\":\"https:\/\/davansur.fr\/\"},{\"@type\":\"ListItem\",\"position\":2,\"name\":\"Mentions l\u00e9gales\"}]},{\"@type\":\"WebSite\",\"@id\":\"https:\/\/davansur.fr\/#website\",\"url\":\"https:\/\/davansur.fr\/\",\"name\":\"Davansur, courtier d&#039;assurance et de confiance\",\"description\":\"\",\"potentialAction\":[{\"@type\":\"SearchAction\",\"target\":{\"@type\":\"EntryPoint\",\"urlTemplate\":\"https:\/\/davansur.fr\/?s={search_term_string}\"},\"query-input\":{\"@type\":\"PropertyValueSpecification\",\"valueRequired\":true,\"valueName\":\"search_term_string\"}}],\"inLanguage\":\"fr-FR\"}]}<\/script>\n<!-- \/ Yoast SEO plugin. -->","yoast_head_json":{"title":"Mentions l\u00e9gales - Davansur, courtier d&#039;assurance et de confiance","robots":{"index":"index","follow":"follow","max-snippet":"max-snippet:-1","max-image-preview":"max-image-preview:large","max-video-preview":"max-video-preview:-1"},"canonical":"https:\/\/davansur.fr\/index.php\/mentions-legales\/","og_locale":"fr_FR","og_type":"article","og_title":"Mentions l\u00e9gales - Davansur, courtier d&#039;assurance et de confiance","og_description":"DAVANSUR SARL au capital de 1\u202f000,00\u00a0\u20ac inscrite au Registre du Commerce et des Soci\u00e9t\u00e9s de Chamb\u00e9ry sous le n\u00b0888 862 588 Immatricul\u00e9e \u00e0 l&rsquo;ORIAS sous le n\u00b020 007 234 &#8211;\u00a0www.orias.fr Plac\u00e9e sous le contr\u00f4le de l&rsquo;Autorit\u00e9 de Contr\u00f4le Prudentiel et de R\u00e9solution (ACPR) &#8211; 4 Place de Budapest CS 92459 75436 PARIS CEDEX 09 &#8211;\u00a0www.acpr.banque-france.fr [&hellip;]","og_url":"https:\/\/davansur.fr\/index.php\/mentions-legales\/","og_site_name":"Davansur, courtier d&#039;assurance et de confiance","article_publisher":"https:\/\/www.facebook.com\/DAVANSUR\/","article_modified_time":"2025-10-29T13:03:22+00:00","twitter_card":"summary_large_image","twitter_misc":{"Dur\u00e9e de lecture estim\u00e9e":"4 minutes"},"schema":{"@context":"https:\/\/schema.org","@graph":[{"@type":"WebPage","@id":"https:\/\/davansur.fr\/index.php\/mentions-legales\/","url":"https:\/\/davansur.fr\/index.php\/mentions-legales\/","name":"Mentions l\u00e9gales - Davansur, courtier d&#039;assurance et de confiance","isPartOf":{"@id":"https:\/\/davansur.fr\/#website"},"datePublished":"2021-06-30T15:46:44+00:00","dateModified":"2025-10-29T13:03:22+00:00","breadcrumb":{"@id":"https:\/\/davansur.fr\/index.php\/mentions-legales\/#breadcrumb"},"inLanguage":"fr-FR","potentialAction":[{"@type":"ReadAction","target":["https:\/\/davansur.fr\/index.php\/mentions-legales\/"]}]},{"@type":"BreadcrumbList","@id":"https:\/\/davansur.fr\/index.php\/mentions-legales\/#breadcrumb","itemListElement":[{"@type":"ListItem","position":1,"name":"Accueil","item":"https:\/\/davansur.fr\/"},{"@type":"ListItem","position":2,"name":"Mentions l\u00e9gales"}]},{"@type":"WebSite","@id":"https:\/\/davansur.fr\/#website","url":"https:\/\/davansur.fr\/","name":"Davansur, courtier d&#039;assurance et de confiance","description":"","potentialAction":[{"@type":"SearchAction","target":{"@type":"EntryPoint","urlTemplate":"https:\/\/davansur.fr\/?s={search_term_string}"},"query-input":{"@type":"PropertyValueSpecification","valueRequired":true,"valueName":"search_term_string"}}],"inLanguage":"fr-FR"}]}},"_links":{"self":[{"href":"https:\/\/davansur.fr\/index.php\/wp-json\/wp\/v2\/pages\/3","targetHints":{"allow":["GET"]}}],"collection":[{"href":"https:\/\/davansur.fr\/index.php\/wp-json\/wp\/v2\/pages"}],"about":[{"href":"https:\/\/davansur.fr\/index.php\/wp-json\/wp\/v2\/types\/page"}],"author":[{"embeddable":true,"href":"https:\/\/davansur.fr\/index.php\/wp-json\/wp\/v2\/users\/1"}],"replies":[{"embeddable":true,"href":"https:\/\/davansur.fr\/index.php\/wp-json\/wp\/v2\/comments?post=3"}],"version-history":[{"count":4,"href":"https:\/\/davansur.fr\/index.php\/wp-json\/wp\/v2\/pages\/3\/revisions"}],"predecessor-version":[{"id":602,"href":"https:\/\/davansur.fr\/index.php\/wp-json\/wp\/v2\/pages\/3\/revisions\/602"}],"wp:attachment":[{"href":"https:\/\/davansur.fr\/index.php\/wp-json\/wp\/v2\/media?parent=3"}],"curies":[{"name":"wp","href":"https:\/\/api.w.org\/{rel}","templated":true}]}}